{"id":275,"date":"2022-04-03T08:29:24","date_gmt":"2022-04-03T06:29:24","guid":{"rendered":"https:\/\/thejiffle.com\/nl\/?post_type=product&#038;p=275"},"modified":"2025-10-28T20:16:54","modified_gmt":"2025-10-28T19:16:54","slug":"the-jiffle-wagon","status":"publish","type":"product","link":"https:\/\/thejiffle.com\/de\/product\/the-jiffle-wagon\/","title":{"rendered":"The Jiffle wagon"},"content":{"rendered":"","protected":false},"excerpt":{"rendered":"<p><small><strong>Gratis Fu\u00dfsack und Bollerwagen-Sitz<\/strong><\/small><\/p>\n<p><small>Einen Fu\u00dfsack in der gleichen Farbe legen wir gleich dazu! Sch\u00f6n warm.<\/small><\/p>\n<p><small><strong>Mehr Einsatzm\u00f6glichkeiten<\/strong><\/small><\/p>\n<p><small>Kinderwagen, Mitfahrbrett und Bollerwagen in einem.<\/small><\/p>\n<p><small><strong>Mehr Komfort<\/strong><\/small><\/p>\n<p><small>Aufh\u00e4ngung direkt unter der Liegewanne und dem Sitz.<\/small><\/p>\n<p><small><strong>Mehr Bequem<\/strong><\/small><\/p>\n<p><small>Abschlie\u00dfbarer und gro\u00dfer Gep\u00e4ckraum. Kann vollgepackt trotzdem gefaltet werden und im Auto verstaut.<\/small><\/p>\n<p><small><strong>Mehr Mitfahren<\/strong><\/small><\/p>\n<p><small>Das Mitfahrbrett l\u00e4sst sich ein- und herausschieben und ist immer bereit f\u00fcr eine Mitfahrt.<\/small><\/p>\n","protected":false},"featured_media":5638,"template":"","meta":{"_acf_changed":false,"inline_featured_image":false,"_trash_the_other_posts":false,"editor_notices":[]},"product_brand":[],"product_cat":[19],"product_tag":[61,55,60,54],"class_list":{"0":"post-275","1":"product","2":"type-product","3":"status-publish","4":"has-post-thumbnail","6":"product_cat-kinderwagen","7":"product_tag-kinderwagen-fuer-grosse-menschen","8":"product_tag-kinderwagen-mit-mitfahrbrett","9":"product_tag-kinderwagen-mit-viel-stauraum","10":"product_tag-kinderwagen-und-bollerwagen-in-einem","12":"first","13":"instock","14":"sale","15":"taxable","16":"shipping-taxable","17":"purchasable","18":"product-type-variable","19":"has-default-attributes","20":"rtwpvg-product"},"acf":[],"yoast_head":"<!-- This site is optimized with the Yoast SEO plugin v27.4 - https:\/\/yoast.com\/product\/yoast-seo-wordpress\/ -->\n<title>The Jiffle wagon - Kinderwagen en bolderkar in \u00e9\u00e9n - TheJiffle<\/title>\n<meta name=\"description\" content=\"Deze kinderwagen heeft een meerijdplankje en onderweg kun je van The Jiffle wagon een bolderkar maken. Degelijk Nederlands ontwerp.\" \/>\n<meta name=\"robots\" content=\"index, follow, max-snippet:-1, max-image-preview:large, max-video-preview:-1\" \/>\n<link rel=\"canonical\" href=\"https:\/\/thejiffle.com\/de\/product\/the-jiffle-wagon\/\" \/>\n<meta property=\"og:locale\" content=\"de_DE\" \/>\n<meta property=\"og:type\" content=\"article\" \/>\n<meta property=\"og:title\" content=\"The Jiffle wagon - Kinderwagen en bolderkar in \u00e9\u00e9n - TheJiffle\" \/>\n<meta property=\"og:description\" content=\"Deze kinderwagen heeft een meerijdplankje en onderweg kun je van The Jiffle wagon een bolderkar maken. Degelijk Nederlands ontwerp.\" \/>\n<meta property=\"og:url\" content=\"https:\/\/thejiffle.com\/de\/product\/the-jiffle-wagon\/\" \/>\n<meta property=\"og:site_name\" content=\"TheJiffle\" \/>\n<meta property=\"article:modified_time\" content=\"2025-10-28T19:16:54+00:00\" \/>\n<meta name=\"twitter:card\" content=\"summary_large_image\" \/>\n<meta name=\"twitter:label1\" content=\"Gesch\u00e4tzte Lesezeit\" \/>\n\t<meta name=\"twitter:data1\" content=\"1\u00a0Minute\" \/>\n<script type=\"application\/ld+json\" class=\"yoast-schema-graph\">{\"@context\":\"https:\\\/\\\/schema.org\",\"@graph\":[{\"@type\":\"WebPage\",\"@id\":\"https:\\\/\\\/thejiffle.com\\\/de\\\/product\\\/the-jiffle-wagon\\\/\",\"url\":\"https:\\\/\\\/thejiffle.com\\\/de\\\/product\\\/the-jiffle-wagon\\\/\",\"name\":\"The Jiffle wagon - Kinderwagen en bolderkar in \u00e9\u00e9n - TheJiffle\",\"isPartOf\":{\"@id\":\"https:\\\/\\\/thejiffle.com\\\/de\\\/#website\"},\"primaryImageOfPage\":{\"@id\":\"https:\\\/\\\/thejiffle.com\\\/de\\\/product\\\/the-jiffle-wagon\\\/#primaryimage\"},\"image\":{\"@id\":\"https:\\\/\\\/thejiffle.com\\\/de\\\/product\\\/the-jiffle-wagon\\\/#primaryimage\"},\"thumbnailUrl\":\"https:\\\/\\\/thejiffle.com\\\/de\\\/wp-content\\\/uploads\\\/sites\\\/2\\\/2025\\\/03\\\/Free-DUI01.png\",\"datePublished\":\"2022-04-03T06:29:24+00:00\",\"dateModified\":\"2025-10-28T19:16:54+00:00\",\"description\":\"Deze kinderwagen heeft een meerijdplankje en onderweg kun je van The Jiffle wagon een bolderkar maken. Degelijk Nederlands ontwerp.\",\"breadcrumb\":{\"@id\":\"https:\\\/\\\/thejiffle.com\\\/de\\\/product\\\/the-jiffle-wagon\\\/#breadcrumb\"},\"inLanguage\":\"de\",\"potentialAction\":[{\"@type\":\"ReadAction\",\"target\":[\"https:\\\/\\\/thejiffle.com\\\/de\\\/product\\\/the-jiffle-wagon\\\/\"]}]},{\"@type\":\"ImageObject\",\"inLanguage\":\"de\",\"@id\":\"https:\\\/\\\/thejiffle.com\\\/de\\\/product\\\/the-jiffle-wagon\\\/#primaryimage\",\"url\":\"https:\\\/\\\/thejiffle.com\\\/de\\\/wp-content\\\/uploads\\\/sites\\\/2\\\/2025\\\/03\\\/Free-DUI01.png\",\"contentUrl\":\"https:\\\/\\\/thejiffle.com\\\/de\\\/wp-content\\\/uploads\\\/sites\\\/2\\\/2025\\\/03\\\/Free-DUI01.png\"},{\"@type\":\"BreadcrumbList\",\"@id\":\"https:\\\/\\\/thejiffle.com\\\/de\\\/product\\\/the-jiffle-wagon\\\/#breadcrumb\",\"itemListElement\":[{\"@type\":\"ListItem\",\"position\":1,\"name\":\"Home\",\"item\":\"https:\\\/\\\/thejiffle.com\\\/de\\\/\"},{\"@type\":\"ListItem\",\"position\":2,\"name\":\"Online shop\",\"item\":\"https:\\\/\\\/thejiffle.com\\\/de\\\/online-shop\\\/\"},{\"@type\":\"ListItem\",\"position\":3,\"name\":\"The Jiffle wagon\"}]},{\"@type\":\"WebSite\",\"@id\":\"https:\\\/\\\/thejiffle.com\\\/de\\\/#website\",\"url\":\"https:\\\/\\\/thejiffle.com\\\/de\\\/\",\"name\":\"TheJiffle\",\"description\":\"\",\"publisher\":{\"@id\":\"https:\\\/\\\/thejiffle.com\\\/de\\\/#organization\"},\"potentialAction\":[{\"@type\":\"SearchAction\",\"target\":{\"@type\":\"EntryPoint\",\"urlTemplate\":\"https:\\\/\\\/thejiffle.com\\\/de\\\/?s={search_term_string}\"},\"query-input\":{\"@type\":\"PropertyValueSpecification\",\"valueRequired\":true,\"valueName\":\"search_term_string\"}}],\"inLanguage\":\"de\"},{\"@type\":\"Organization\",\"@id\":\"https:\\\/\\\/thejiffle.com\\\/de\\\/#organization\",\"name\":\"TheJiffle\",\"url\":\"https:\\\/\\\/thejiffle.com\\\/de\\\/\",\"logo\":{\"@type\":\"ImageObject\",\"inLanguage\":\"de\",\"@id\":\"https:\\\/\\\/thejiffle.com\\\/de\\\/#\\\/schema\\\/logo\\\/image\\\/\",\"url\":\"https:\\\/\\\/thejiffle.com\\\/de\\\/wp-content\\\/uploads\\\/sites\\\/2\\\/2022\\\/03\\\/logo.svg\",\"contentUrl\":\"https:\\\/\\\/thejiffle.com\\\/de\\\/wp-content\\\/uploads\\\/sites\\\/2\\\/2022\\\/03\\\/logo.svg\",\"width\":56,\"height\":44,\"caption\":\"TheJiffle\"},\"image\":{\"@id\":\"https:\\\/\\\/thejiffle.com\\\/de\\\/#\\\/schema\\\/logo\\\/image\\\/\"},\"sameAs\":[\"https:\\\/\\\/www.instagram.com\\\/thejiffle\\\/\",\"https:\\\/\\\/www.linkedin.com\\\/company\\\/thejiffle\\\/\",\"https:\\\/\\\/www.youtube.com\\\/channel\\\/UCM90sKDfmFMNd4h0Wxrwyeg\"]}]}<\/script>\n<!-- \/ Yoast SEO plugin. -->","yoast_head_json":{"title":"The Jiffle wagon - Kinderwagen en bolderkar in \u00e9\u00e9n - TheJiffle","description":"Deze kinderwagen heeft een meerijdplankje en onderweg kun je van The Jiffle wagon een bolderkar maken. Degelijk Nederlands ontwerp.","robots":{"index":"index","follow":"follow","max-snippet":"max-snippet:-1","max-image-preview":"max-image-preview:large","max-video-preview":"max-video-preview:-1"},"canonical":"https:\/\/thejiffle.com\/de\/product\/the-jiffle-wagon\/","og_locale":"de_DE","og_type":"article","og_title":"The Jiffle wagon - Kinderwagen en bolderkar in \u00e9\u00e9n - TheJiffle","og_description":"Deze kinderwagen heeft een meerijdplankje en onderweg kun je van The Jiffle wagon een bolderkar maken. Degelijk Nederlands ontwerp.","og_url":"https:\/\/thejiffle.com\/de\/product\/the-jiffle-wagon\/","og_site_name":"TheJiffle","article_modified_time":"2025-10-28T19:16:54+00:00","twitter_card":"summary_large_image","twitter_misc":{"Gesch\u00e4tzte Lesezeit":"1\u00a0Minute"},"schema":{"@context":"https:\/\/schema.org","@graph":[{"@type":"WebPage","@id":"https:\/\/thejiffle.com\/de\/product\/the-jiffle-wagon\/","url":"https:\/\/thejiffle.com\/de\/product\/the-jiffle-wagon\/","name":"The Jiffle wagon - Kinderwagen en bolderkar in \u00e9\u00e9n - TheJiffle","isPartOf":{"@id":"https:\/\/thejiffle.com\/de\/#website"},"primaryImageOfPage":{"@id":"https:\/\/thejiffle.com\/de\/product\/the-jiffle-wagon\/#primaryimage"},"image":{"@id":"https:\/\/thejiffle.com\/de\/product\/the-jiffle-wagon\/#primaryimage"},"thumbnailUrl":"https:\/\/thejiffle.com\/de\/wp-content\/uploads\/sites\/2\/2025\/03\/Free-DUI01.png","datePublished":"2022-04-03T06:29:24+00:00","dateModified":"2025-10-28T19:16:54+00:00","description":"Deze kinderwagen heeft een meerijdplankje en onderweg kun je van The Jiffle wagon een bolderkar maken. Degelijk Nederlands ontwerp.","breadcrumb":{"@id":"https:\/\/thejiffle.com\/de\/product\/the-jiffle-wagon\/#breadcrumb"},"inLanguage":"de","potentialAction":[{"@type":"ReadAction","target":["https:\/\/thejiffle.com\/de\/product\/the-jiffle-wagon\/"]}]},{"@type":"ImageObject","inLanguage":"de","@id":"https:\/\/thejiffle.com\/de\/product\/the-jiffle-wagon\/#primaryimage","url":"https:\/\/thejiffle.com\/de\/wp-content\/uploads\/sites\/2\/2025\/03\/Free-DUI01.png","contentUrl":"https:\/\/thejiffle.com\/de\/wp-content\/uploads\/sites\/2\/2025\/03\/Free-DUI01.png"},{"@type":"BreadcrumbList","@id":"https:\/\/thejiffle.com\/de\/product\/the-jiffle-wagon\/#breadcrumb","itemListElement":[{"@type":"ListItem","position":1,"name":"Home","item":"https:\/\/thejiffle.com\/de\/"},{"@type":"ListItem","position":2,"name":"Online shop","item":"https:\/\/thejiffle.com\/de\/online-shop\/"},{"@type":"ListItem","position":3,"name":"The Jiffle wagon"}]},{"@type":"WebSite","@id":"https:\/\/thejiffle.com\/de\/#website","url":"https:\/\/thejiffle.com\/de\/","name":"TheJiffle","description":"","publisher":{"@id":"https:\/\/thejiffle.com\/de\/#organization"},"potentialAction":[{"@type":"SearchAction","target":{"@type":"EntryPoint","urlTemplate":"https:\/\/thejiffle.com\/de\/?s={search_term_string}"},"query-input":{"@type":"PropertyValueSpecification","valueRequired":true,"valueName":"search_term_string"}}],"inLanguage":"de"},{"@type":"Organization","@id":"https:\/\/thejiffle.com\/de\/#organization","name":"TheJiffle","url":"https:\/\/thejiffle.com\/de\/","logo":{"@type":"ImageObject","inLanguage":"de","@id":"https:\/\/thejiffle.com\/de\/#\/schema\/logo\/image\/","url":"https:\/\/thejiffle.com\/de\/wp-content\/uploads\/sites\/2\/2022\/03\/logo.svg","contentUrl":"https:\/\/thejiffle.com\/de\/wp-content\/uploads\/sites\/2\/2022\/03\/logo.svg","width":56,"height":44,"caption":"TheJiffle"},"image":{"@id":"https:\/\/thejiffle.com\/de\/#\/schema\/logo\/image\/"},"sameAs":["https:\/\/www.instagram.com\/thejiffle\/","https:\/\/www.linkedin.com\/company\/thejiffle\/","https:\/\/www.youtube.com\/channel\/UCM90sKDfmFMNd4h0Wxrwyeg"]}]}},"_links":{"self":[{"href":"https:\/\/thejiffle.com\/de\/wp-json\/wp\/v2\/product\/275","targetHints":{"allow":["GET"]}}],"collection":[{"href":"https:\/\/thejiffle.com\/de\/wp-json\/wp\/v2\/product"}],"about":[{"href":"https:\/\/thejiffle.com\/de\/wp-json\/wp\/v2\/types\/product"}],"wp:featuredmedia":[{"embeddable":true,"href":"https:\/\/thejiffle.com\/de\/wp-json\/"}],"wp:attachment":[{"href":"https:\/\/thejiffle.com\/de\/wp-json\/wp\/v2\/media?parent=275"}],"wp:term":[{"taxonomy":"product_brand","embeddable":true,"href":"https:\/\/thejiffle.com\/de\/wp-json\/wp\/v2\/product_brand?post=275"},{"taxonomy":"product_cat","embeddable":true,"href":"https:\/\/thejiffle.com\/de\/wp-json\/wp\/v2\/product_cat?post=275"},{"taxonomy":"product_tag","embeddable":true,"href":"https:\/\/thejiffle.com\/de\/wp-json\/wp\/v2\/product_tag?post=275"}],"curies":[{"name":"wp","href":"https:\/\/api.w.org\/{rel}","templated":true}]}}