{"id":2882,"date":"2023-09-15T11:43:36","date_gmt":"2023-09-15T09:43:36","guid":{"rendered":"https:\/\/thejiffle.com\/de\/?post_type=product&#038;p=2882"},"modified":"2024-07-01T10:51:43","modified_gmt":"2024-07-01T08:51:43","slug":"insektennetz-kopie","status":"publish","type":"product","link":"https:\/\/thejiffle.com\/de\/product\/insektennetz-kopie\/","title":{"rendered":"Insektennetz"},"content":{"rendered":"","protected":false},"excerpt":{"rendered":"<p><small>Sowohl f\u00fcr die Liegewanne als auch f\u00fcr den Sitz passt das Insektennetz f\u00fcr The Jiffle wagon. Das Moskitonetzhat einen Rei\u00dfverschluss an der Seite, damit du dein Kind bei Bedarf leicht und schnell erreichen kannst.<\/small><\/p>\n<p><small>Im Sommer frei von Ungeziefer und M\u00fccken, ideal f\u00fcr die Kleinen!<\/small><\/p>\n","protected":false},"featured_media":4336,"template":"","meta":{"_acf_changed":false,"inline_featured_image":false,"_trash_the_other_posts":false,"editor_notices":[]},"product_brand":[],"product_cat":[17],"product_tag":[],"class_list":{"0":"post-2882","1":"product","2":"type-product","3":"status-publish","4":"has-post-thumbnail","6":"product_cat-zubehoer","8":"first","9":"instock","10":"taxable","11":"shipping-taxable","12":"purchasable","13":"product-type-simple"},"acf":[],"yoast_head":"<!-- This site is optimized with the Yoast SEO plugin v27.4 - https:\/\/yoast.com\/product\/yoast-seo-wordpress\/ -->\n<title>Insektennetz voor The Jiffle wagon - Geen last van muggen - TheJiffle<\/title>\n<meta name=\"description\" content=\"Het insecten-net past over de reiswieg \u00e9n de zitting van The Jiffle wagon. Aan de zijkant zit een rits, zo kan je makkelijk bij je kindje.\" \/>\n<meta name=\"robots\" content=\"index, follow, max-snippet:-1, max-image-preview:large, max-video-preview:-1\" \/>\n<link rel=\"canonical\" href=\"https:\/\/thejiffle.com\/de\/product\/insektennetz-kopie\/\" \/>\n<meta property=\"og:locale\" content=\"de_DE\" \/>\n<meta property=\"og:type\" content=\"article\" \/>\n<meta property=\"og:title\" content=\"Insektennetz voor The Jiffle wagon - Geen last van muggen - TheJiffle\" \/>\n<meta property=\"og:description\" content=\"Het insecten-net past over de reiswieg \u00e9n de zitting van The Jiffle wagon. Aan de zijkant zit een rits, zo kan je makkelijk bij je kindje.\" \/>\n<meta property=\"og:url\" content=\"https:\/\/thejiffle.com\/de\/product\/insektennetz-kopie\/\" \/>\n<meta property=\"og:site_name\" content=\"TheJiffle\" \/>\n<meta property=\"article:modified_time\" content=\"2024-07-01T08:51:43+00:00\" \/>\n<meta name=\"twitter:card\" content=\"summary_large_image\" \/>\n<meta name=\"twitter:label1\" content=\"Gesch\u00e4tzte Lesezeit\" \/>\n\t<meta name=\"twitter:data1\" content=\"1\u00a0Minute\" \/>\n<script type=\"application\/ld+json\" class=\"yoast-schema-graph\">{\"@context\":\"https:\\\/\\\/schema.org\",\"@graph\":[{\"@type\":\"WebPage\",\"@id\":\"https:\\\/\\\/thejiffle.com\\\/de\\\/product\\\/insektennetz-kopie\\\/\",\"url\":\"https:\\\/\\\/thejiffle.com\\\/de\\\/product\\\/insektennetz-kopie\\\/\",\"name\":\"Insektennetz voor The Jiffle wagon - Geen last van muggen - TheJiffle\",\"isPartOf\":{\"@id\":\"https:\\\/\\\/thejiffle.com\\\/de\\\/#website\"},\"primaryImageOfPage\":{\"@id\":\"https:\\\/\\\/thejiffle.com\\\/de\\\/product\\\/insektennetz-kopie\\\/#primaryimage\"},\"image\":{\"@id\":\"https:\\\/\\\/thejiffle.com\\\/de\\\/product\\\/insektennetz-kopie\\\/#primaryimage\"},\"thumbnailUrl\":\"https:\\\/\\\/thejiffle.com\\\/de\\\/wp-content\\\/uploads\\\/sites\\\/2\\\/2023\\\/09\\\/Side-Insect-net-isolated-Pine.png\",\"datePublished\":\"2023-09-15T09:43:36+00:00\",\"dateModified\":\"2024-07-01T08:51:43+00:00\",\"description\":\"Het insecten-net past over de reiswieg \u00e9n de zitting van The Jiffle wagon. Aan de zijkant zit een rits, zo kan je makkelijk bij je kindje.\",\"breadcrumb\":{\"@id\":\"https:\\\/\\\/thejiffle.com\\\/de\\\/product\\\/insektennetz-kopie\\\/#breadcrumb\"},\"inLanguage\":\"de\",\"potentialAction\":[{\"@type\":\"ReadAction\",\"target\":[\"https:\\\/\\\/thejiffle.com\\\/de\\\/product\\\/insektennetz-kopie\\\/\"]}]},{\"@type\":\"ImageObject\",\"inLanguage\":\"de\",\"@id\":\"https:\\\/\\\/thejiffle.com\\\/de\\\/product\\\/insektennetz-kopie\\\/#primaryimage\",\"url\":\"https:\\\/\\\/thejiffle.com\\\/de\\\/wp-content\\\/uploads\\\/sites\\\/2\\\/2023\\\/09\\\/Side-Insect-net-isolated-Pine.png\",\"contentUrl\":\"https:\\\/\\\/thejiffle.com\\\/de\\\/wp-content\\\/uploads\\\/sites\\\/2\\\/2023\\\/09\\\/Side-Insect-net-isolated-Pine.png\"},{\"@type\":\"BreadcrumbList\",\"@id\":\"https:\\\/\\\/thejiffle.com\\\/de\\\/product\\\/insektennetz-kopie\\\/#breadcrumb\",\"itemListElement\":[{\"@type\":\"ListItem\",\"position\":1,\"name\":\"Home\",\"item\":\"https:\\\/\\\/thejiffle.com\\\/de\\\/\"},{\"@type\":\"ListItem\",\"position\":2,\"name\":\"Online shop\",\"item\":\"https:\\\/\\\/thejiffle.com\\\/de\\\/online-shop\\\/\"},{\"@type\":\"ListItem\",\"position\":3,\"name\":\"Insektennetz\"}]},{\"@type\":\"WebSite\",\"@id\":\"https:\\\/\\\/thejiffle.com\\\/de\\\/#website\",\"url\":\"https:\\\/\\\/thejiffle.com\\\/de\\\/\",\"name\":\"TheJiffle\",\"description\":\"\",\"publisher\":{\"@id\":\"https:\\\/\\\/thejiffle.com\\\/de\\\/#organization\"},\"potentialAction\":[{\"@type\":\"SearchAction\",\"target\":{\"@type\":\"EntryPoint\",\"urlTemplate\":\"https:\\\/\\\/thejiffle.com\\\/de\\\/?s={search_term_string}\"},\"query-input\":{\"@type\":\"PropertyValueSpecification\",\"valueRequired\":true,\"valueName\":\"search_term_string\"}}],\"inLanguage\":\"de\"},{\"@type\":\"Organization\",\"@id\":\"https:\\\/\\\/thejiffle.com\\\/de\\\/#organization\",\"name\":\"TheJiffle\",\"url\":\"https:\\\/\\\/thejiffle.com\\\/de\\\/\",\"logo\":{\"@type\":\"ImageObject\",\"inLanguage\":\"de\",\"@id\":\"https:\\\/\\\/thejiffle.com\\\/de\\\/#\\\/schema\\\/logo\\\/image\\\/\",\"url\":\"https:\\\/\\\/thejiffle.com\\\/de\\\/wp-content\\\/uploads\\\/sites\\\/2\\\/2022\\\/03\\\/logo.svg\",\"contentUrl\":\"https:\\\/\\\/thejiffle.com\\\/de\\\/wp-content\\\/uploads\\\/sites\\\/2\\\/2022\\\/03\\\/logo.svg\",\"width\":56,\"height\":44,\"caption\":\"TheJiffle\"},\"image\":{\"@id\":\"https:\\\/\\\/thejiffle.com\\\/de\\\/#\\\/schema\\\/logo\\\/image\\\/\"},\"sameAs\":[\"https:\\\/\\\/www.instagram.com\\\/thejiffle\\\/\",\"https:\\\/\\\/www.linkedin.com\\\/company\\\/thejiffle\\\/\",\"https:\\\/\\\/www.youtube.com\\\/channel\\\/UCM90sKDfmFMNd4h0Wxrwyeg\"]}]}<\/script>\n<!-- \/ Yoast SEO plugin. -->","yoast_head_json":{"title":"Insektennetz voor The Jiffle wagon - Geen last van muggen - TheJiffle","description":"Het insecten-net past over de reiswieg \u00e9n de zitting van The Jiffle wagon. Aan de zijkant zit een rits, zo kan je makkelijk bij je kindje.","robots":{"index":"index","follow":"follow","max-snippet":"max-snippet:-1","max-image-preview":"max-image-preview:large","max-video-preview":"max-video-preview:-1"},"canonical":"https:\/\/thejiffle.com\/de\/product\/insektennetz-kopie\/","og_locale":"de_DE","og_type":"article","og_title":"Insektennetz voor The Jiffle wagon - Geen last van muggen - TheJiffle","og_description":"Het insecten-net past over de reiswieg \u00e9n de zitting van The Jiffle wagon. Aan de zijkant zit een rits, zo kan je makkelijk bij je kindje.","og_url":"https:\/\/thejiffle.com\/de\/product\/insektennetz-kopie\/","og_site_name":"TheJiffle","article_modified_time":"2024-07-01T08:51:43+00:00","twitter_card":"summary_large_image","twitter_misc":{"Gesch\u00e4tzte Lesezeit":"1\u00a0Minute"},"schema":{"@context":"https:\/\/schema.org","@graph":[{"@type":"WebPage","@id":"https:\/\/thejiffle.com\/de\/product\/insektennetz-kopie\/","url":"https:\/\/thejiffle.com\/de\/product\/insektennetz-kopie\/","name":"Insektennetz voor The Jiffle wagon - Geen last van muggen - TheJiffle","isPartOf":{"@id":"https:\/\/thejiffle.com\/de\/#website"},"primaryImageOfPage":{"@id":"https:\/\/thejiffle.com\/de\/product\/insektennetz-kopie\/#primaryimage"},"image":{"@id":"https:\/\/thejiffle.com\/de\/product\/insektennetz-kopie\/#primaryimage"},"thumbnailUrl":"https:\/\/thejiffle.com\/de\/wp-content\/uploads\/sites\/2\/2023\/09\/Side-Insect-net-isolated-Pine.png","datePublished":"2023-09-15T09:43:36+00:00","dateModified":"2024-07-01T08:51:43+00:00","description":"Het insecten-net past over de reiswieg \u00e9n de zitting van The Jiffle wagon. Aan de zijkant zit een rits, zo kan je makkelijk bij je kindje.","breadcrumb":{"@id":"https:\/\/thejiffle.com\/de\/product\/insektennetz-kopie\/#breadcrumb"},"inLanguage":"de","potentialAction":[{"@type":"ReadAction","target":["https:\/\/thejiffle.com\/de\/product\/insektennetz-kopie\/"]}]},{"@type":"ImageObject","inLanguage":"de","@id":"https:\/\/thejiffle.com\/de\/product\/insektennetz-kopie\/#primaryimage","url":"https:\/\/thejiffle.com\/de\/wp-content\/uploads\/sites\/2\/2023\/09\/Side-Insect-net-isolated-Pine.png","contentUrl":"https:\/\/thejiffle.com\/de\/wp-content\/uploads\/sites\/2\/2023\/09\/Side-Insect-net-isolated-Pine.png"},{"@type":"BreadcrumbList","@id":"https:\/\/thejiffle.com\/de\/product\/insektennetz-kopie\/#breadcrumb","itemListElement":[{"@type":"ListItem","position":1,"name":"Home","item":"https:\/\/thejiffle.com\/de\/"},{"@type":"ListItem","position":2,"name":"Online shop","item":"https:\/\/thejiffle.com\/de\/online-shop\/"},{"@type":"ListItem","position":3,"name":"Insektennetz"}]},{"@type":"WebSite","@id":"https:\/\/thejiffle.com\/de\/#website","url":"https:\/\/thejiffle.com\/de\/","name":"TheJiffle","description":"","publisher":{"@id":"https:\/\/thejiffle.com\/de\/#organization"},"potentialAction":[{"@type":"SearchAction","target":{"@type":"EntryPoint","urlTemplate":"https:\/\/thejiffle.com\/de\/?s={search_term_string}"},"query-input":{"@type":"PropertyValueSpecification","valueRequired":true,"valueName":"search_term_string"}}],"inLanguage":"de"},{"@type":"Organization","@id":"https:\/\/thejiffle.com\/de\/#organization","name":"TheJiffle","url":"https:\/\/thejiffle.com\/de\/","logo":{"@type":"ImageObject","inLanguage":"de","@id":"https:\/\/thejiffle.com\/de\/#\/schema\/logo\/image\/","url":"https:\/\/thejiffle.com\/de\/wp-content\/uploads\/sites\/2\/2022\/03\/logo.svg","contentUrl":"https:\/\/thejiffle.com\/de\/wp-content\/uploads\/sites\/2\/2022\/03\/logo.svg","width":56,"height":44,"caption":"TheJiffle"},"image":{"@id":"https:\/\/thejiffle.com\/de\/#\/schema\/logo\/image\/"},"sameAs":["https:\/\/www.instagram.com\/thejiffle\/","https:\/\/www.linkedin.com\/company\/thejiffle\/","https:\/\/www.youtube.com\/channel\/UCM90sKDfmFMNd4h0Wxrwyeg"]}]}},"_links":{"self":[{"href":"https:\/\/thejiffle.com\/de\/wp-json\/wp\/v2\/product\/2882","targetHints":{"allow":["GET"]}}],"collection":[{"href":"https:\/\/thejiffle.com\/de\/wp-json\/wp\/v2\/product"}],"about":[{"href":"https:\/\/thejiffle.com\/de\/wp-json\/wp\/v2\/types\/product"}],"wp:featuredmedia":[{"embeddable":true,"href":"https:\/\/thejiffle.com\/de\/wp-json\/"}],"wp:attachment":[{"href":"https:\/\/thejiffle.com\/de\/wp-json\/wp\/v2\/media?parent=2882"}],"wp:term":[{"taxonomy":"product_brand","embeddable":true,"href":"https:\/\/thejiffle.com\/de\/wp-json\/wp\/v2\/product_brand?post=2882"},{"taxonomy":"product_cat","embeddable":true,"href":"https:\/\/thejiffle.com\/de\/wp-json\/wp\/v2\/product_cat?post=2882"},{"taxonomy":"product_tag","embeddable":true,"href":"https:\/\/thejiffle.com\/de\/wp-json\/wp\/v2\/product_tag?post=2882"}],"curies":[{"name":"wp","href":"https:\/\/api.w.org\/{rel}","templated":true}]}}