{"id":2883,"date":"2023-09-15T11:47:40","date_gmt":"2023-09-15T09:47:40","guid":{"rendered":"https:\/\/thejiffle.com\/de\/?post_type=product&#038;p=2883"},"modified":"2025-09-15T13:44:16","modified_gmt":"2025-09-15T11:44:16","slug":"regenverdeck-kopie","status":"publish","type":"product","link":"https:\/\/thejiffle.com\/de\/product\/regenverdeck-kopie\/","title":{"rendered":"Regenverdeck"},"content":{"rendered":"","protected":false},"excerpt":{"rendered":"<p><small>Dieser Regenverdeck f\u00fcr The Jiffle wagon kann sowohl f\u00fcr die Liegewanne als auch f\u00fcr den Sitz verwendet werden. Der Regendeckel passt f\u00fcr beide. An der Seite befindet sich ein Rei\u00dfverschluss, so dass man sein Kind bei Bedarf schnell und einfach erreichen kann.<\/small><\/p>\n<p><small>F\u00fcr eine gute Bel\u00fcftung hat das Regenverdeck kleine L\u00f6cher an der Seite. Das bedeutet auch, dass es nicht beschl\u00e4gt.<\/small><\/p>\n<p><small>Das Ablagefach an der Unterseite ist mit einer wasserabweisenden Schicht ausgestattet. Ein Regenschutz ist also nicht n\u00f6tig, deine Sachen bleiben dort immer trocken.<\/small><\/p>\n","protected":false},"featured_media":4147,"template":"","meta":{"_acf_changed":false,"inline_featured_image":false,"_trash_the_other_posts":false,"editor_notices":[]},"product_brand":[],"product_cat":[17],"product_tag":[],"class_list":{"0":"post-2883","1":"product","2":"type-product","3":"status-publish","4":"has-post-thumbnail","6":"product_cat-zubehoer","8":"first","9":"instock","10":"taxable","11":"shipping-taxable","12":"purchasable","13":"product-type-simple"},"acf":[],"yoast_head":"<!-- This site is optimized with the Yoast SEO plugin v27.4 - https:\/\/yoast.com\/product\/yoast-seo-wordpress\/ -->\n<title>Regenverdeck voor The Jiffle wagon - TheJiffle<\/title>\n<meta name=\"description\" content=\"Deze regenhoes voor The Jiffle wagon past zowel op de reiswieg als op de zitting. Je hebt er dus lang plezier van. Beslaat niet.\" \/>\n<meta name=\"robots\" content=\"index, follow, max-snippet:-1, max-image-preview:large, max-video-preview:-1\" \/>\n<link rel=\"canonical\" href=\"https:\/\/thejiffle.com\/de\/product\/regenverdeck-kopie\/\" \/>\n<meta property=\"og:locale\" content=\"de_DE\" \/>\n<meta property=\"og:type\" content=\"article\" \/>\n<meta property=\"og:title\" content=\"Regenverdeck voor The Jiffle wagon - TheJiffle\" \/>\n<meta property=\"og:description\" content=\"Deze regenhoes voor The Jiffle wagon past zowel op de reiswieg als op de zitting. Je hebt er dus lang plezier van. Beslaat niet.\" \/>\n<meta property=\"og:url\" content=\"https:\/\/thejiffle.com\/de\/product\/regenverdeck-kopie\/\" \/>\n<meta property=\"og:site_name\" content=\"TheJiffle\" \/>\n<meta property=\"article:modified_time\" content=\"2025-09-15T11:44:16+00:00\" \/>\n<meta name=\"twitter:card\" content=\"summary_large_image\" \/>\n<meta name=\"twitter:label1\" content=\"Gesch\u00e4tzte Lesezeit\" \/>\n\t<meta name=\"twitter:data1\" content=\"1\u00a0Minute\" \/>\n<script type=\"application\/ld+json\" class=\"yoast-schema-graph\">{\"@context\":\"https:\\\/\\\/schema.org\",\"@graph\":[{\"@type\":\"WebPage\",\"@id\":\"https:\\\/\\\/thejiffle.com\\\/de\\\/product\\\/regenverdeck-kopie\\\/\",\"url\":\"https:\\\/\\\/thejiffle.com\\\/de\\\/product\\\/regenverdeck-kopie\\\/\",\"name\":\"Regenverdeck voor The Jiffle wagon - TheJiffle\",\"isPartOf\":{\"@id\":\"https:\\\/\\\/thejiffle.com\\\/de\\\/#website\"},\"primaryImageOfPage\":{\"@id\":\"https:\\\/\\\/thejiffle.com\\\/de\\\/product\\\/regenverdeck-kopie\\\/#primaryimage\"},\"image\":{\"@id\":\"https:\\\/\\\/thejiffle.com\\\/de\\\/product\\\/regenverdeck-kopie\\\/#primaryimage\"},\"thumbnailUrl\":\"https:\\\/\\\/thejiffle.com\\\/de\\\/wp-content\\\/uploads\\\/sites\\\/2\\\/2023\\\/08\\\/Side-Raincover-01-isolated-Clay.png\",\"datePublished\":\"2023-09-15T09:47:40+00:00\",\"dateModified\":\"2025-09-15T11:44:16+00:00\",\"description\":\"Deze regenhoes voor The Jiffle wagon past zowel op de reiswieg als op de zitting. Je hebt er dus lang plezier van. Beslaat niet.\",\"breadcrumb\":{\"@id\":\"https:\\\/\\\/thejiffle.com\\\/de\\\/product\\\/regenverdeck-kopie\\\/#breadcrumb\"},\"inLanguage\":\"de\",\"potentialAction\":[{\"@type\":\"ReadAction\",\"target\":[\"https:\\\/\\\/thejiffle.com\\\/de\\\/product\\\/regenverdeck-kopie\\\/\"]}]},{\"@type\":\"ImageObject\",\"inLanguage\":\"de\",\"@id\":\"https:\\\/\\\/thejiffle.com\\\/de\\\/product\\\/regenverdeck-kopie\\\/#primaryimage\",\"url\":\"https:\\\/\\\/thejiffle.com\\\/de\\\/wp-content\\\/uploads\\\/sites\\\/2\\\/2023\\\/08\\\/Side-Raincover-01-isolated-Clay.png\",\"contentUrl\":\"https:\\\/\\\/thejiffle.com\\\/de\\\/wp-content\\\/uploads\\\/sites\\\/2\\\/2023\\\/08\\\/Side-Raincover-01-isolated-Clay.png\"},{\"@type\":\"BreadcrumbList\",\"@id\":\"https:\\\/\\\/thejiffle.com\\\/de\\\/product\\\/regenverdeck-kopie\\\/#breadcrumb\",\"itemListElement\":[{\"@type\":\"ListItem\",\"position\":1,\"name\":\"Home\",\"item\":\"https:\\\/\\\/thejiffle.com\\\/de\\\/\"},{\"@type\":\"ListItem\",\"position\":2,\"name\":\"Online shop\",\"item\":\"https:\\\/\\\/thejiffle.com\\\/de\\\/online-shop\\\/\"},{\"@type\":\"ListItem\",\"position\":3,\"name\":\"Regenverdeck\"}]},{\"@type\":\"WebSite\",\"@id\":\"https:\\\/\\\/thejiffle.com\\\/de\\\/#website\",\"url\":\"https:\\\/\\\/thejiffle.com\\\/de\\\/\",\"name\":\"TheJiffle\",\"description\":\"\",\"publisher\":{\"@id\":\"https:\\\/\\\/thejiffle.com\\\/de\\\/#organization\"},\"potentialAction\":[{\"@type\":\"SearchAction\",\"target\":{\"@type\":\"EntryPoint\",\"urlTemplate\":\"https:\\\/\\\/thejiffle.com\\\/de\\\/?s={search_term_string}\"},\"query-input\":{\"@type\":\"PropertyValueSpecification\",\"valueRequired\":true,\"valueName\":\"search_term_string\"}}],\"inLanguage\":\"de\"},{\"@type\":\"Organization\",\"@id\":\"https:\\\/\\\/thejiffle.com\\\/de\\\/#organization\",\"name\":\"TheJiffle\",\"url\":\"https:\\\/\\\/thejiffle.com\\\/de\\\/\",\"logo\":{\"@type\":\"ImageObject\",\"inLanguage\":\"de\",\"@id\":\"https:\\\/\\\/thejiffle.com\\\/de\\\/#\\\/schema\\\/logo\\\/image\\\/\",\"url\":\"https:\\\/\\\/thejiffle.com\\\/de\\\/wp-content\\\/uploads\\\/sites\\\/2\\\/2022\\\/03\\\/logo.svg\",\"contentUrl\":\"https:\\\/\\\/thejiffle.com\\\/de\\\/wp-content\\\/uploads\\\/sites\\\/2\\\/2022\\\/03\\\/logo.svg\",\"width\":56,\"height\":44,\"caption\":\"TheJiffle\"},\"image\":{\"@id\":\"https:\\\/\\\/thejiffle.com\\\/de\\\/#\\\/schema\\\/logo\\\/image\\\/\"},\"sameAs\":[\"https:\\\/\\\/www.instagram.com\\\/thejiffle\\\/\",\"https:\\\/\\\/www.linkedin.com\\\/company\\\/thejiffle\\\/\",\"https:\\\/\\\/www.youtube.com\\\/channel\\\/UCM90sKDfmFMNd4h0Wxrwyeg\"]}]}<\/script>\n<!-- \/ Yoast SEO plugin. -->","yoast_head_json":{"title":"Regenverdeck voor The Jiffle wagon - TheJiffle","description":"Deze regenhoes voor The Jiffle wagon past zowel op de reiswieg als op de zitting. Je hebt er dus lang plezier van. Beslaat niet.","robots":{"index":"index","follow":"follow","max-snippet":"max-snippet:-1","max-image-preview":"max-image-preview:large","max-video-preview":"max-video-preview:-1"},"canonical":"https:\/\/thejiffle.com\/de\/product\/regenverdeck-kopie\/","og_locale":"de_DE","og_type":"article","og_title":"Regenverdeck voor The Jiffle wagon - TheJiffle","og_description":"Deze regenhoes voor The Jiffle wagon past zowel op de reiswieg als op de zitting. Je hebt er dus lang plezier van. Beslaat niet.","og_url":"https:\/\/thejiffle.com\/de\/product\/regenverdeck-kopie\/","og_site_name":"TheJiffle","article_modified_time":"2025-09-15T11:44:16+00:00","twitter_card":"summary_large_image","twitter_misc":{"Gesch\u00e4tzte Lesezeit":"1\u00a0Minute"},"schema":{"@context":"https:\/\/schema.org","@graph":[{"@type":"WebPage","@id":"https:\/\/thejiffle.com\/de\/product\/regenverdeck-kopie\/","url":"https:\/\/thejiffle.com\/de\/product\/regenverdeck-kopie\/","name":"Regenverdeck voor The Jiffle wagon - TheJiffle","isPartOf":{"@id":"https:\/\/thejiffle.com\/de\/#website"},"primaryImageOfPage":{"@id":"https:\/\/thejiffle.com\/de\/product\/regenverdeck-kopie\/#primaryimage"},"image":{"@id":"https:\/\/thejiffle.com\/de\/product\/regenverdeck-kopie\/#primaryimage"},"thumbnailUrl":"https:\/\/thejiffle.com\/de\/wp-content\/uploads\/sites\/2\/2023\/08\/Side-Raincover-01-isolated-Clay.png","datePublished":"2023-09-15T09:47:40+00:00","dateModified":"2025-09-15T11:44:16+00:00","description":"Deze regenhoes voor The Jiffle wagon past zowel op de reiswieg als op de zitting. Je hebt er dus lang plezier van. Beslaat niet.","breadcrumb":{"@id":"https:\/\/thejiffle.com\/de\/product\/regenverdeck-kopie\/#breadcrumb"},"inLanguage":"de","potentialAction":[{"@type":"ReadAction","target":["https:\/\/thejiffle.com\/de\/product\/regenverdeck-kopie\/"]}]},{"@type":"ImageObject","inLanguage":"de","@id":"https:\/\/thejiffle.com\/de\/product\/regenverdeck-kopie\/#primaryimage","url":"https:\/\/thejiffle.com\/de\/wp-content\/uploads\/sites\/2\/2023\/08\/Side-Raincover-01-isolated-Clay.png","contentUrl":"https:\/\/thejiffle.com\/de\/wp-content\/uploads\/sites\/2\/2023\/08\/Side-Raincover-01-isolated-Clay.png"},{"@type":"BreadcrumbList","@id":"https:\/\/thejiffle.com\/de\/product\/regenverdeck-kopie\/#breadcrumb","itemListElement":[{"@type":"ListItem","position":1,"name":"Home","item":"https:\/\/thejiffle.com\/de\/"},{"@type":"ListItem","position":2,"name":"Online shop","item":"https:\/\/thejiffle.com\/de\/online-shop\/"},{"@type":"ListItem","position":3,"name":"Regenverdeck"}]},{"@type":"WebSite","@id":"https:\/\/thejiffle.com\/de\/#website","url":"https:\/\/thejiffle.com\/de\/","name":"TheJiffle","description":"","publisher":{"@id":"https:\/\/thejiffle.com\/de\/#organization"},"potentialAction":[{"@type":"SearchAction","target":{"@type":"EntryPoint","urlTemplate":"https:\/\/thejiffle.com\/de\/?s={search_term_string}"},"query-input":{"@type":"PropertyValueSpecification","valueRequired":true,"valueName":"search_term_string"}}],"inLanguage":"de"},{"@type":"Organization","@id":"https:\/\/thejiffle.com\/de\/#organization","name":"TheJiffle","url":"https:\/\/thejiffle.com\/de\/","logo":{"@type":"ImageObject","inLanguage":"de","@id":"https:\/\/thejiffle.com\/de\/#\/schema\/logo\/image\/","url":"https:\/\/thejiffle.com\/de\/wp-content\/uploads\/sites\/2\/2022\/03\/logo.svg","contentUrl":"https:\/\/thejiffle.com\/de\/wp-content\/uploads\/sites\/2\/2022\/03\/logo.svg","width":56,"height":44,"caption":"TheJiffle"},"image":{"@id":"https:\/\/thejiffle.com\/de\/#\/schema\/logo\/image\/"},"sameAs":["https:\/\/www.instagram.com\/thejiffle\/","https:\/\/www.linkedin.com\/company\/thejiffle\/","https:\/\/www.youtube.com\/channel\/UCM90sKDfmFMNd4h0Wxrwyeg"]}]}},"_links":{"self":[{"href":"https:\/\/thejiffle.com\/de\/wp-json\/wp\/v2\/product\/2883","targetHints":{"allow":["GET"]}}],"collection":[{"href":"https:\/\/thejiffle.com\/de\/wp-json\/wp\/v2\/product"}],"about":[{"href":"https:\/\/thejiffle.com\/de\/wp-json\/wp\/v2\/types\/product"}],"wp:featuredmedia":[{"embeddable":true,"href":"https:\/\/thejiffle.com\/de\/wp-json\/"}],"wp:attachment":[{"href":"https:\/\/thejiffle.com\/de\/wp-json\/wp\/v2\/media?parent=2883"}],"wp:term":[{"taxonomy":"product_brand","embeddable":true,"href":"https:\/\/thejiffle.com\/de\/wp-json\/wp\/v2\/product_brand?post=2883"},{"taxonomy":"product_cat","embeddable":true,"href":"https:\/\/thejiffle.com\/de\/wp-json\/wp\/v2\/product_cat?post=2883"},{"taxonomy":"product_tag","embeddable":true,"href":"https:\/\/thejiffle.com\/de\/wp-json\/wp\/v2\/product_tag?post=2883"}],"curies":[{"name":"wp","href":"https:\/\/api.w.org\/{rel}","templated":true}]}}