{"id":2884,"date":"2023-09-15T11:52:11","date_gmt":"2023-09-15T09:52:11","guid":{"rendered":"https:\/\/thejiffle.com\/de\/?post_type=product&#038;p=2884"},"modified":"2025-12-01T15:27:58","modified_gmt":"2025-12-01T14:27:58","slug":"duo-bollerwagen-sitz","status":"publish","type":"product","link":"https:\/\/thejiffle.com\/de\/product\/duo-bollerwagen-sitz\/","title":{"rendered":"Duo &amp; Bollerwagen-Sitz"},"content":{"rendered":"","protected":false},"excerpt":{"rendered":"<p><small>Ja, ich will in den Bollerwagen!<\/small><\/p>\n<p><small>Dieser Wagensitz bietet deinem Kind eine komfortable Fahrt. Es ist nicht angeschnallt und kann selbst\u00e4ndig ein- und aussteigen.<\/small><\/p>\n<p><small>Der Sitz ist weich unter dem Ges\u00e4\u00df und gibt guten Halt im R\u00fccken. Es l\u00e4sst sich mit den Druckkn\u00f6pfen links und rechts leicht im Wagen befestigen.<\/small><\/p>\n<p><small>Wenn du den Bezug (Teil von The Jiffle wagon Kinderwagens) teilweise aufrollst, ist dein Kind gesch\u00fctzt und bequem. Oder man l\u00e4sst die Abdeckung ab, je nachdem, was einem am besten gef\u00e4llt&#8230;<\/small><\/p>\n","protected":false},"featured_media":5903,"template":"","meta":{"_acf_changed":false,"inline_featured_image":false,"_trash_the_other_posts":false,"editor_notices":[]},"product_brand":[],"product_cat":[17],"product_tag":[],"class_list":{"0":"post-2884","1":"product","2":"type-product","3":"status-publish","4":"has-post-thumbnail","6":"product_cat-zubehoer","8":"first","9":"instock","10":"taxable","11":"shipping-taxable","12":"purchasable","13":"product-type-variable","14":"has-default-attributes","15":"rtwpvg-product"},"acf":[],"yoast_head":"<!-- This site is optimized with the Yoast SEO plugin v26.9 - https:\/\/yoast.com\/product\/yoast-seo-wordpress\/ -->\n<title>Duo &amp; Bollerwagen-Sitz voor The Jiffle wagon als bolderkar - TheJiffle<\/title>\n<meta name=\"description\" content=\"Ja ik wil in de bolderkar! Dit bolderkar zitje geeft je kind een comfortabele rit, zacht om op te zitten en een goede steun in de rug.\" \/>\n<meta name=\"robots\" content=\"index, follow, max-snippet:-1, max-image-preview:large, max-video-preview:-1\" \/>\n<link rel=\"canonical\" href=\"https:\/\/thejiffle.com\/de\/product\/duo-bollerwagen-sitz\/\" \/>\n<meta property=\"og:locale\" content=\"de_DE\" \/>\n<meta property=\"og:type\" content=\"article\" \/>\n<meta property=\"og:title\" content=\"Duo &amp; Bollerwagen-Sitz voor The Jiffle wagon als bolderkar - TheJiffle\" \/>\n<meta property=\"og:description\" content=\"Ja ik wil in de bolderkar! Dit bolderkar zitje geeft je kind een comfortabele rit, zacht om op te zitten en een goede steun in de rug.\" \/>\n<meta property=\"og:url\" content=\"https:\/\/thejiffle.com\/de\/product\/duo-bollerwagen-sitz\/\" \/>\n<meta property=\"og:site_name\" content=\"TheJiffle\" \/>\n<meta property=\"article:modified_time\" content=\"2025-12-01T14:27:58+00:00\" \/>\n<meta name=\"twitter:card\" content=\"summary_large_image\" \/>\n<meta name=\"twitter:label1\" content=\"Gesch\u00e4tzte Lesezeit\" \/>\n\t<meta name=\"twitter:data1\" content=\"1\u00a0Minute\" \/>\n<script type=\"application\/ld+json\" class=\"yoast-schema-graph\">{\"@context\":\"https:\/\/schema.org\",\"@graph\":[{\"@type\":\"WebPage\",\"@id\":\"https:\/\/thejiffle.com\/de\/product\/duo-bollerwagen-sitz\/\",\"url\":\"https:\/\/thejiffle.com\/de\/product\/duo-bollerwagen-sitz\/\",\"name\":\"Duo &amp; Bollerwagen-Sitz voor The Jiffle wagon als bolderkar - TheJiffle\",\"isPartOf\":{\"@id\":\"https:\/\/thejiffle.com\/de\/#website\"},\"primaryImageOfPage\":{\"@id\":\"https:\/\/thejiffle.com\/de\/product\/duo-bollerwagen-sitz\/#primaryimage\"},\"image\":{\"@id\":\"https:\/\/thejiffle.com\/de\/product\/duo-bollerwagen-sitz\/#primaryimage\"},\"thumbnailUrl\":\"https:\/\/thejiffle.com\/de\/wp-content\/uploads\/sites\/2\/2025\/06\/Backview-Duo-Isolated-copy.png\",\"datePublished\":\"2023-09-15T09:52:11+00:00\",\"dateModified\":\"2025-12-01T14:27:58+00:00\",\"description\":\"Ja ik wil in de bolderkar! Dit bolderkar zitje geeft je kind een comfortabele rit, zacht om op te zitten en een goede steun in de rug.\",\"breadcrumb\":{\"@id\":\"https:\/\/thejiffle.com\/de\/product\/duo-bollerwagen-sitz\/#breadcrumb\"},\"inLanguage\":\"de\",\"potentialAction\":[{\"@type\":\"ReadAction\",\"target\":[\"https:\/\/thejiffle.com\/de\/product\/duo-bollerwagen-sitz\/\"]}]},{\"@type\":\"ImageObject\",\"inLanguage\":\"de\",\"@id\":\"https:\/\/thejiffle.com\/de\/product\/duo-bollerwagen-sitz\/#primaryimage\",\"url\":\"https:\/\/thejiffle.com\/de\/wp-content\/uploads\/sites\/2\/2025\/06\/Backview-Duo-Isolated-copy.png\",\"contentUrl\":\"https:\/\/thejiffle.com\/de\/wp-content\/uploads\/sites\/2\/2025\/06\/Backview-Duo-Isolated-copy.png\"},{\"@type\":\"BreadcrumbList\",\"@id\":\"https:\/\/thejiffle.com\/de\/product\/duo-bollerwagen-sitz\/#breadcrumb\",\"itemListElement\":[{\"@type\":\"ListItem\",\"position\":1,\"name\":\"Home\",\"item\":\"https:\/\/thejiffle.com\/de\/\"},{\"@type\":\"ListItem\",\"position\":2,\"name\":\"Online shop\",\"item\":\"https:\/\/thejiffle.com\/de\/online-shop\/\"},{\"@type\":\"ListItem\",\"position\":3,\"name\":\"Duo &amp; Bollerwagen-Sitz\"}]},{\"@type\":\"WebSite\",\"@id\":\"https:\/\/thejiffle.com\/de\/#website\",\"url\":\"https:\/\/thejiffle.com\/de\/\",\"name\":\"TheJiffle\",\"description\":\"\",\"publisher\":{\"@id\":\"https:\/\/thejiffle.com\/de\/#organization\"},\"potentialAction\":[{\"@type\":\"SearchAction\",\"target\":{\"@type\":\"EntryPoint\",\"urlTemplate\":\"https:\/\/thejiffle.com\/de\/?s={search_term_string}\"},\"query-input\":{\"@type\":\"PropertyValueSpecification\",\"valueRequired\":true,\"valueName\":\"search_term_string\"}}],\"inLanguage\":\"de\"},{\"@type\":\"Organization\",\"@id\":\"https:\/\/thejiffle.com\/de\/#organization\",\"name\":\"TheJiffle\",\"url\":\"https:\/\/thejiffle.com\/de\/\",\"logo\":{\"@type\":\"ImageObject\",\"inLanguage\":\"de\",\"@id\":\"https:\/\/thejiffle.com\/de\/#\/schema\/logo\/image\/\",\"url\":\"https:\/\/thejiffle.com\/de\/wp-content\/uploads\/sites\/2\/2022\/03\/logo.svg\",\"contentUrl\":\"https:\/\/thejiffle.com\/de\/wp-content\/uploads\/sites\/2\/2022\/03\/logo.svg\",\"width\":56,\"height\":44,\"caption\":\"TheJiffle\"},\"image\":{\"@id\":\"https:\/\/thejiffle.com\/de\/#\/schema\/logo\/image\/\"},\"sameAs\":[\"https:\/\/www.instagram.com\/thejiffle\/\",\"https:\/\/www.linkedin.com\/company\/thejiffle\/\",\"https:\/\/www.youtube.com\/channel\/UCM90sKDfmFMNd4h0Wxrwyeg\"]}]}<\/script>\n<!-- \/ Yoast SEO plugin. -->","yoast_head_json":{"title":"Duo &amp; Bollerwagen-Sitz voor The Jiffle wagon als bolderkar - TheJiffle","description":"Ja ik wil in de bolderkar! Dit bolderkar zitje geeft je kind een comfortabele rit, zacht om op te zitten en een goede steun in de rug.","robots":{"index":"index","follow":"follow","max-snippet":"max-snippet:-1","max-image-preview":"max-image-preview:large","max-video-preview":"max-video-preview:-1"},"canonical":"https:\/\/thejiffle.com\/de\/product\/duo-bollerwagen-sitz\/","og_locale":"de_DE","og_type":"article","og_title":"Duo &amp; Bollerwagen-Sitz voor The Jiffle wagon als bolderkar - TheJiffle","og_description":"Ja ik wil in de bolderkar! Dit bolderkar zitje geeft je kind een comfortabele rit, zacht om op te zitten en een goede steun in de rug.","og_url":"https:\/\/thejiffle.com\/de\/product\/duo-bollerwagen-sitz\/","og_site_name":"TheJiffle","article_modified_time":"2025-12-01T14:27:58+00:00","twitter_card":"summary_large_image","twitter_misc":{"Gesch\u00e4tzte Lesezeit":"1\u00a0Minute"},"schema":{"@context":"https:\/\/schema.org","@graph":[{"@type":"WebPage","@id":"https:\/\/thejiffle.com\/de\/product\/duo-bollerwagen-sitz\/","url":"https:\/\/thejiffle.com\/de\/product\/duo-bollerwagen-sitz\/","name":"Duo &amp; Bollerwagen-Sitz voor The Jiffle wagon als bolderkar - TheJiffle","isPartOf":{"@id":"https:\/\/thejiffle.com\/de\/#website"},"primaryImageOfPage":{"@id":"https:\/\/thejiffle.com\/de\/product\/duo-bollerwagen-sitz\/#primaryimage"},"image":{"@id":"https:\/\/thejiffle.com\/de\/product\/duo-bollerwagen-sitz\/#primaryimage"},"thumbnailUrl":"https:\/\/thejiffle.com\/de\/wp-content\/uploads\/sites\/2\/2025\/06\/Backview-Duo-Isolated-copy.png","datePublished":"2023-09-15T09:52:11+00:00","dateModified":"2025-12-01T14:27:58+00:00","description":"Ja ik wil in de bolderkar! Dit bolderkar zitje geeft je kind een comfortabele rit, zacht om op te zitten en een goede steun in de rug.","breadcrumb":{"@id":"https:\/\/thejiffle.com\/de\/product\/duo-bollerwagen-sitz\/#breadcrumb"},"inLanguage":"de","potentialAction":[{"@type":"ReadAction","target":["https:\/\/thejiffle.com\/de\/product\/duo-bollerwagen-sitz\/"]}]},{"@type":"ImageObject","inLanguage":"de","@id":"https:\/\/thejiffle.com\/de\/product\/duo-bollerwagen-sitz\/#primaryimage","url":"https:\/\/thejiffle.com\/de\/wp-content\/uploads\/sites\/2\/2025\/06\/Backview-Duo-Isolated-copy.png","contentUrl":"https:\/\/thejiffle.com\/de\/wp-content\/uploads\/sites\/2\/2025\/06\/Backview-Duo-Isolated-copy.png"},{"@type":"BreadcrumbList","@id":"https:\/\/thejiffle.com\/de\/product\/duo-bollerwagen-sitz\/#breadcrumb","itemListElement":[{"@type":"ListItem","position":1,"name":"Home","item":"https:\/\/thejiffle.com\/de\/"},{"@type":"ListItem","position":2,"name":"Online shop","item":"https:\/\/thejiffle.com\/de\/online-shop\/"},{"@type":"ListItem","position":3,"name":"Duo &amp; Bollerwagen-Sitz"}]},{"@type":"WebSite","@id":"https:\/\/thejiffle.com\/de\/#website","url":"https:\/\/thejiffle.com\/de\/","name":"TheJiffle","description":"","publisher":{"@id":"https:\/\/thejiffle.com\/de\/#organization"},"potentialAction":[{"@type":"SearchAction","target":{"@type":"EntryPoint","urlTemplate":"https:\/\/thejiffle.com\/de\/?s={search_term_string}"},"query-input":{"@type":"PropertyValueSpecification","valueRequired":true,"valueName":"search_term_string"}}],"inLanguage":"de"},{"@type":"Organization","@id":"https:\/\/thejiffle.com\/de\/#organization","name":"TheJiffle","url":"https:\/\/thejiffle.com\/de\/","logo":{"@type":"ImageObject","inLanguage":"de","@id":"https:\/\/thejiffle.com\/de\/#\/schema\/logo\/image\/","url":"https:\/\/thejiffle.com\/de\/wp-content\/uploads\/sites\/2\/2022\/03\/logo.svg","contentUrl":"https:\/\/thejiffle.com\/de\/wp-content\/uploads\/sites\/2\/2022\/03\/logo.svg","width":56,"height":44,"caption":"TheJiffle"},"image":{"@id":"https:\/\/thejiffle.com\/de\/#\/schema\/logo\/image\/"},"sameAs":["https:\/\/www.instagram.com\/thejiffle\/","https:\/\/www.linkedin.com\/company\/thejiffle\/","https:\/\/www.youtube.com\/channel\/UCM90sKDfmFMNd4h0Wxrwyeg"]}]}},"_links":{"self":[{"href":"https:\/\/thejiffle.com\/de\/wp-json\/wp\/v2\/product\/2884","targetHints":{"allow":["GET"]}}],"collection":[{"href":"https:\/\/thejiffle.com\/de\/wp-json\/wp\/v2\/product"}],"about":[{"href":"https:\/\/thejiffle.com\/de\/wp-json\/wp\/v2\/types\/product"}],"wp:featuredmedia":[{"embeddable":true,"href":"https:\/\/thejiffle.com\/de\/wp-json\/"}],"wp:attachment":[{"href":"https:\/\/thejiffle.com\/de\/wp-json\/wp\/v2\/media?parent=2884"}],"wp:term":[{"taxonomy":"product_brand","embeddable":true,"href":"https:\/\/thejiffle.com\/de\/wp-json\/wp\/v2\/product_brand?post=2884"},{"taxonomy":"product_cat","embeddable":true,"href":"https:\/\/thejiffle.com\/de\/wp-json\/wp\/v2\/product_cat?post=2884"},{"taxonomy":"product_tag","embeddable":true,"href":"https:\/\/thejiffle.com\/de\/wp-json\/wp\/v2\/product_tag?post=2884"}],"curies":[{"name":"wp","href":"https:\/\/api.w.org\/{rel}","templated":true}]}}