{"id":3115,"date":"2025-07-02T09:49:08","date_gmt":"2025-07-02T07:49:08","guid":{"rendered":"https:\/\/thejiffle.com\/de\/?post_type=product&#038;p=3115"},"modified":"2025-07-02T10:48:13","modified_gmt":"2025-07-02T08:48:13","slug":"the-jiffle-cart","status":"publish","type":"product","link":"https:\/\/thejiffle.com\/de\/product\/the-jiffle-cart\/","title":{"rendered":"The Jiffle cart"},"content":{"rendered":"","protected":false},"excerpt":{"rendered":"<p><small><strong>Ideal f\u00fcr Ihre Familie<\/strong><\/small><br \/>\n<small>Ihre Kinder werden es sofort verstehen. Selbst ein- und aussteigen \u2013 was f\u00fcr eine Freiheit und vor allem ein Spa\u00df f\u00fcr alle.<\/small><\/p>\n<p><small><strong>Mehr M\u00f6glichkeiten<\/strong><\/small><br \/>\n<small>Bollerwagen und kurz per Anhalter fahren.<\/small><\/p>\n<p><small><strong>Mehr Gep\u00e4ck<\/strong><\/small><br \/>\n<small>Wer Kinder hat, hat auch Gep\u00e4ck. Der Bollerwagen ist nie leer! Kann voll ins Auto gepackt werden \u2013 praktisch, oder?<\/small><\/p>\n<p><small><strong>Mehr Abenteuer<\/strong><\/small><br \/>\n<small>Gemeinsam entdecken. Per Anhalter fahren oder bequem sitzen. Die beste Aussicht.<\/small><\/p>\n<p><small><strong>Mehr Komfort<\/strong><\/small><br \/>\n<small>Leicht und flach im Auto verstauen oder einfach voll lassen.<\/small><\/p>\n<p><small><strong>Mehr per Anhalter fahren<\/strong><\/small><br \/>\n<small>Das Mitfahrbrett l\u00e4sst sich einfach ein- und ausfahren und ist immer bereit zum Mitnehmen.<\/small><\/p>\n<p><small><strong>Was ist im Lieferumfang enthalten?<\/strong><br \/>\n<\/small><small>\u2022 The Jiffle cart<\/small><br \/>\n<small>\u2022 Eine Wagenabdeckung<\/small><br \/>\n<small>\u2022 Radsch\u00fctzer<\/small><br \/>\n<small>\u2022 Der Sitz im Wert von 99,95 \u20ac<\/small><br \/>\n<small>\u2022 Der Tramper-Griff \u00a0im Wert von 79,95 \u20ac<\/small><br \/>\n<small>\u2022 Der Sitzgriff (die kleinere Halterung)<\/small><\/p>\n<p><strong>HINWEIS:<\/strong><br \/>\n<strong>F\u00fcr diesen Bollerwagen kann ein sch\u00f6nes Verdeck bestellt werden.<\/strong><br \/>\n<strong>Damit ist er komplett.<\/strong><\/p>\n","protected":false},"featured_media":5656,"template":"","meta":{"_acf_changed":false,"inline_featured_image":false,"_trash_the_other_posts":false,"editor_notices":[]},"product_brand":[],"product_cat":[15],"product_tag":[],"class_list":{"0":"post-3115","1":"product","2":"type-product","3":"status-publish","4":"has-post-thumbnail","6":"product_cat-keine-kategorie","8":"first","9":"instock","10":"taxable","11":"shipping-taxable","12":"purchasable","13":"product-type-simple"},"acf":[],"yoast_head":"<!-- This site is optimized with the Yoast SEO plugin v27.4 - https:\/\/yoast.com\/product\/yoast-seo-wordpress\/ -->\n<title>The Jiffle cart - TheJiffle<\/title>\n<meta name=\"robots\" content=\"index, follow, max-snippet:-1, max-image-preview:large, max-video-preview:-1\" \/>\n<link rel=\"canonical\" href=\"https:\/\/thejiffle.com\/de\/product\/the-jiffle-cart\/\" \/>\n<meta property=\"og:locale\" content=\"de_DE\" \/>\n<meta property=\"og:type\" content=\"article\" \/>\n<meta property=\"og:title\" content=\"The Jiffle cart - TheJiffle\" \/>\n<meta property=\"og:description\" content=\"Ideal f\u00fcr Ihre Familie Ihre Kinder werden es sofort verstehen. Selbst ein- und aussteigen \u2013 was f\u00fcr eine Freiheit und vor allem ein Spa\u00df f\u00fcr alle.  Mehr M\u00f6glichkeiten Bollerwagen und kurz per Anhalter fahren.  Mehr Gep\u00e4ck Wer Kinder hat, hat auch Gep\u00e4ck. Der Bollerwagen ist nie leer! Kann voll ins Auto gepackt werden \u2013 praktisch, oder?  Mehr Abenteuer Gemeinsam entdecken. Per Anhalter fahren oder bequem sitzen. Die beste Aussicht.  Mehr Komfort Leicht und flach im Auto verstauen oder einfach voll lassen.  Mehr per Anhalter fahren Das Mitfahrbrett l\u00e4sst sich einfach ein- und ausfahren und ist immer bereit zum Mitnehmen.  Was ist im Lieferumfang enthalten? \u2022 The Jiffle cart \u2022 Eine Wagenabdeckung \u2022 Radsch\u00fctzer \u2022 Der Sitz im Wert von 99,95 \u20ac \u2022 Der Tramper-Griff \u00a0im Wert von 79,95 \u20ac \u2022 Der Sitzgriff (die kleinere Halterung)  HINWEIS: F\u00fcr diesen Bollerwagen kann ein sch\u00f6nes Verdeck bestellt werden. Damit ist er komplett.\" \/>\n<meta property=\"og:url\" content=\"https:\/\/thejiffle.com\/de\/product\/the-jiffle-cart\/\" \/>\n<meta property=\"og:site_name\" content=\"TheJiffle\" \/>\n<meta property=\"article:modified_time\" content=\"2025-07-02T08:48:13+00:00\" \/>\n<meta name=\"twitter:card\" content=\"summary_large_image\" \/>\n<meta name=\"twitter:label1\" content=\"Gesch\u00e4tzte Lesezeit\" \/>\n\t<meta name=\"twitter:data1\" content=\"1\u00a0Minute\" \/>\n<script type=\"application\/ld+json\" class=\"yoast-schema-graph\">{\"@context\":\"https:\\\/\\\/schema.org\",\"@graph\":[{\"@type\":\"WebPage\",\"@id\":\"https:\\\/\\\/thejiffle.com\\\/de\\\/product\\\/the-jiffle-cart\\\/\",\"url\":\"https:\\\/\\\/thejiffle.com\\\/de\\\/product\\\/the-jiffle-cart\\\/\",\"name\":\"The Jiffle cart - TheJiffle\",\"isPartOf\":{\"@id\":\"https:\\\/\\\/thejiffle.com\\\/de\\\/#website\"},\"primaryImageOfPage\":{\"@id\":\"https:\\\/\\\/thejiffle.com\\\/de\\\/product\\\/the-jiffle-cart\\\/#primaryimage\"},\"image\":{\"@id\":\"https:\\\/\\\/thejiffle.com\\\/de\\\/product\\\/the-jiffle-cart\\\/#primaryimage\"},\"thumbnailUrl\":\"https:\\\/\\\/thejiffle.com\\\/de\\\/wp-content\\\/uploads\\\/sites\\\/2\\\/2025\\\/04\\\/00-Cart-1to1-stroller-scale-Use-side-by-side-on-stroller-page-in-your-store.png\",\"datePublished\":\"2025-07-02T07:49:08+00:00\",\"dateModified\":\"2025-07-02T08:48:13+00:00\",\"breadcrumb\":{\"@id\":\"https:\\\/\\\/thejiffle.com\\\/de\\\/product\\\/the-jiffle-cart\\\/#breadcrumb\"},\"inLanguage\":\"de\",\"potentialAction\":[{\"@type\":\"ReadAction\",\"target\":[\"https:\\\/\\\/thejiffle.com\\\/de\\\/product\\\/the-jiffle-cart\\\/\"]}]},{\"@type\":\"ImageObject\",\"inLanguage\":\"de\",\"@id\":\"https:\\\/\\\/thejiffle.com\\\/de\\\/product\\\/the-jiffle-cart\\\/#primaryimage\",\"url\":\"https:\\\/\\\/thejiffle.com\\\/de\\\/wp-content\\\/uploads\\\/sites\\\/2\\\/2025\\\/04\\\/00-Cart-1to1-stroller-scale-Use-side-by-side-on-stroller-page-in-your-store.png\",\"contentUrl\":\"https:\\\/\\\/thejiffle.com\\\/de\\\/wp-content\\\/uploads\\\/sites\\\/2\\\/2025\\\/04\\\/00-Cart-1to1-stroller-scale-Use-side-by-side-on-stroller-page-in-your-store.png\"},{\"@type\":\"BreadcrumbList\",\"@id\":\"https:\\\/\\\/thejiffle.com\\\/de\\\/product\\\/the-jiffle-cart\\\/#breadcrumb\",\"itemListElement\":[{\"@type\":\"ListItem\",\"position\":1,\"name\":\"Home\",\"item\":\"https:\\\/\\\/thejiffle.com\\\/de\\\/\"},{\"@type\":\"ListItem\",\"position\":2,\"name\":\"Online shop\",\"item\":\"https:\\\/\\\/thejiffle.com\\\/de\\\/online-shop\\\/\"},{\"@type\":\"ListItem\",\"position\":3,\"name\":\"The Jiffle cart\"}]},{\"@type\":\"WebSite\",\"@id\":\"https:\\\/\\\/thejiffle.com\\\/de\\\/#website\",\"url\":\"https:\\\/\\\/thejiffle.com\\\/de\\\/\",\"name\":\"TheJiffle\",\"description\":\"\",\"publisher\":{\"@id\":\"https:\\\/\\\/thejiffle.com\\\/de\\\/#organization\"},\"potentialAction\":[{\"@type\":\"SearchAction\",\"target\":{\"@type\":\"EntryPoint\",\"urlTemplate\":\"https:\\\/\\\/thejiffle.com\\\/de\\\/?s={search_term_string}\"},\"query-input\":{\"@type\":\"PropertyValueSpecification\",\"valueRequired\":true,\"valueName\":\"search_term_string\"}}],\"inLanguage\":\"de\"},{\"@type\":\"Organization\",\"@id\":\"https:\\\/\\\/thejiffle.com\\\/de\\\/#organization\",\"name\":\"TheJiffle\",\"url\":\"https:\\\/\\\/thejiffle.com\\\/de\\\/\",\"logo\":{\"@type\":\"ImageObject\",\"inLanguage\":\"de\",\"@id\":\"https:\\\/\\\/thejiffle.com\\\/de\\\/#\\\/schema\\\/logo\\\/image\\\/\",\"url\":\"https:\\\/\\\/thejiffle.com\\\/de\\\/wp-content\\\/uploads\\\/sites\\\/2\\\/2022\\\/03\\\/logo.svg\",\"contentUrl\":\"https:\\\/\\\/thejiffle.com\\\/de\\\/wp-content\\\/uploads\\\/sites\\\/2\\\/2022\\\/03\\\/logo.svg\",\"width\":56,\"height\":44,\"caption\":\"TheJiffle\"},\"image\":{\"@id\":\"https:\\\/\\\/thejiffle.com\\\/de\\\/#\\\/schema\\\/logo\\\/image\\\/\"},\"sameAs\":[\"https:\\\/\\\/www.instagram.com\\\/thejiffle\\\/\",\"https:\\\/\\\/www.linkedin.com\\\/company\\\/thejiffle\\\/\",\"https:\\\/\\\/www.youtube.com\\\/channel\\\/UCM90sKDfmFMNd4h0Wxrwyeg\"]}]}<\/script>\n<!-- \/ Yoast SEO plugin. -->","yoast_head_json":{"title":"The Jiffle cart - TheJiffle","robots":{"index":"index","follow":"follow","max-snippet":"max-snippet:-1","max-image-preview":"max-image-preview:large","max-video-preview":"max-video-preview:-1"},"canonical":"https:\/\/thejiffle.com\/de\/product\/the-jiffle-cart\/","og_locale":"de_DE","og_type":"article","og_title":"The Jiffle cart - TheJiffle","og_description":"Ideal f\u00fcr Ihre Familie Ihre Kinder werden es sofort verstehen. Selbst ein- und aussteigen \u2013 was f\u00fcr eine Freiheit und vor allem ein Spa\u00df f\u00fcr alle.  Mehr M\u00f6glichkeiten Bollerwagen und kurz per Anhalter fahren.  Mehr Gep\u00e4ck Wer Kinder hat, hat auch Gep\u00e4ck. Der Bollerwagen ist nie leer! Kann voll ins Auto gepackt werden \u2013 praktisch, oder?  Mehr Abenteuer Gemeinsam entdecken. Per Anhalter fahren oder bequem sitzen. Die beste Aussicht.  Mehr Komfort Leicht und flach im Auto verstauen oder einfach voll lassen.  Mehr per Anhalter fahren Das Mitfahrbrett l\u00e4sst sich einfach ein- und ausfahren und ist immer bereit zum Mitnehmen.  Was ist im Lieferumfang enthalten? \u2022 The Jiffle cart \u2022 Eine Wagenabdeckung \u2022 Radsch\u00fctzer \u2022 Der Sitz im Wert von 99,95 \u20ac \u2022 Der Tramper-Griff \u00a0im Wert von 79,95 \u20ac \u2022 Der Sitzgriff (die kleinere Halterung)  HINWEIS: F\u00fcr diesen Bollerwagen kann ein sch\u00f6nes Verdeck bestellt werden. Damit ist er komplett.","og_url":"https:\/\/thejiffle.com\/de\/product\/the-jiffle-cart\/","og_site_name":"TheJiffle","article_modified_time":"2025-07-02T08:48:13+00:00","twitter_card":"summary_large_image","twitter_misc":{"Gesch\u00e4tzte Lesezeit":"1\u00a0Minute"},"schema":{"@context":"https:\/\/schema.org","@graph":[{"@type":"WebPage","@id":"https:\/\/thejiffle.com\/de\/product\/the-jiffle-cart\/","url":"https:\/\/thejiffle.com\/de\/product\/the-jiffle-cart\/","name":"The Jiffle cart - TheJiffle","isPartOf":{"@id":"https:\/\/thejiffle.com\/de\/#website"},"primaryImageOfPage":{"@id":"https:\/\/thejiffle.com\/de\/product\/the-jiffle-cart\/#primaryimage"},"image":{"@id":"https:\/\/thejiffle.com\/de\/product\/the-jiffle-cart\/#primaryimage"},"thumbnailUrl":"https:\/\/thejiffle.com\/de\/wp-content\/uploads\/sites\/2\/2025\/04\/00-Cart-1to1-stroller-scale-Use-side-by-side-on-stroller-page-in-your-store.png","datePublished":"2025-07-02T07:49:08+00:00","dateModified":"2025-07-02T08:48:13+00:00","breadcrumb":{"@id":"https:\/\/thejiffle.com\/de\/product\/the-jiffle-cart\/#breadcrumb"},"inLanguage":"de","potentialAction":[{"@type":"ReadAction","target":["https:\/\/thejiffle.com\/de\/product\/the-jiffle-cart\/"]}]},{"@type":"ImageObject","inLanguage":"de","@id":"https:\/\/thejiffle.com\/de\/product\/the-jiffle-cart\/#primaryimage","url":"https:\/\/thejiffle.com\/de\/wp-content\/uploads\/sites\/2\/2025\/04\/00-Cart-1to1-stroller-scale-Use-side-by-side-on-stroller-page-in-your-store.png","contentUrl":"https:\/\/thejiffle.com\/de\/wp-content\/uploads\/sites\/2\/2025\/04\/00-Cart-1to1-stroller-scale-Use-side-by-side-on-stroller-page-in-your-store.png"},{"@type":"BreadcrumbList","@id":"https:\/\/thejiffle.com\/de\/product\/the-jiffle-cart\/#breadcrumb","itemListElement":[{"@type":"ListItem","position":1,"name":"Home","item":"https:\/\/thejiffle.com\/de\/"},{"@type":"ListItem","position":2,"name":"Online shop","item":"https:\/\/thejiffle.com\/de\/online-shop\/"},{"@type":"ListItem","position":3,"name":"The Jiffle cart"}]},{"@type":"WebSite","@id":"https:\/\/thejiffle.com\/de\/#website","url":"https:\/\/thejiffle.com\/de\/","name":"TheJiffle","description":"","publisher":{"@id":"https:\/\/thejiffle.com\/de\/#organization"},"potentialAction":[{"@type":"SearchAction","target":{"@type":"EntryPoint","urlTemplate":"https:\/\/thejiffle.com\/de\/?s={search_term_string}"},"query-input":{"@type":"PropertyValueSpecification","valueRequired":true,"valueName":"search_term_string"}}],"inLanguage":"de"},{"@type":"Organization","@id":"https:\/\/thejiffle.com\/de\/#organization","name":"TheJiffle","url":"https:\/\/thejiffle.com\/de\/","logo":{"@type":"ImageObject","inLanguage":"de","@id":"https:\/\/thejiffle.com\/de\/#\/schema\/logo\/image\/","url":"https:\/\/thejiffle.com\/de\/wp-content\/uploads\/sites\/2\/2022\/03\/logo.svg","contentUrl":"https:\/\/thejiffle.com\/de\/wp-content\/uploads\/sites\/2\/2022\/03\/logo.svg","width":56,"height":44,"caption":"TheJiffle"},"image":{"@id":"https:\/\/thejiffle.com\/de\/#\/schema\/logo\/image\/"},"sameAs":["https:\/\/www.instagram.com\/thejiffle\/","https:\/\/www.linkedin.com\/company\/thejiffle\/","https:\/\/www.youtube.com\/channel\/UCM90sKDfmFMNd4h0Wxrwyeg"]}]}},"_links":{"self":[{"href":"https:\/\/thejiffle.com\/de\/wp-json\/wp\/v2\/product\/3115","targetHints":{"allow":["GET"]}}],"collection":[{"href":"https:\/\/thejiffle.com\/de\/wp-json\/wp\/v2\/product"}],"about":[{"href":"https:\/\/thejiffle.com\/de\/wp-json\/wp\/v2\/types\/product"}],"wp:featuredmedia":[{"embeddable":true,"href":"https:\/\/thejiffle.com\/de\/wp-json\/"}],"wp:attachment":[{"href":"https:\/\/thejiffle.com\/de\/wp-json\/wp\/v2\/media?parent=3115"}],"wp:term":[{"taxonomy":"product_brand","embeddable":true,"href":"https:\/\/thejiffle.com\/de\/wp-json\/wp\/v2\/product_brand?post=3115"},{"taxonomy":"product_cat","embeddable":true,"href":"https:\/\/thejiffle.com\/de\/wp-json\/wp\/v2\/product_cat?post=3115"},{"taxonomy":"product_tag","embeddable":true,"href":"https:\/\/thejiffle.com\/de\/wp-json\/wp\/v2\/product_tag?post=3115"}],"curies":[{"name":"wp","href":"https:\/\/api.w.org\/{rel}","templated":true}]}}