{"id":3117,"date":"2025-07-02T10:43:24","date_gmt":"2025-07-02T08:43:24","guid":{"rendered":"https:\/\/thejiffle.com\/de\/?post_type=product&#038;p=3117"},"modified":"2025-07-02T10:45:09","modified_gmt":"2025-07-02T08:45:09","slug":"bollerwagenverdeck","status":"publish","type":"product","link":"https:\/\/thejiffle.com\/de\/product\/bollerwagenverdeck\/","title":{"rendered":"Bollerwagenverdeck"},"content":{"rendered":"","protected":false},"excerpt":{"rendered":"<p><small>Dieses sch\u00f6ne Verdeck ist wetterfest und macht unseren Jiffle cart komplett.<\/small><br \/>\n<small>Bei Regen oder Wind lassen sich alle Seiten schlie\u00dfen, sodass Ihr Kleines sch\u00f6n trocken und windgesch\u00fctzt bleibt. Bei w\u00e4rmeren Temperaturen genie\u00dft es den Schatten. Die Seiten und die Vorderseite sind mit einem feinen, luftdurchl\u00e4ssigen Netzgewebe ausgestattet.<\/small><br \/>\n<small>Ihr Kleines kann bequem in seinen luxuri\u00f6sen Bollerwagen ein- und aussteigen. Oben befindet sich ein Rei\u00dfverschluss mit Zugang zum Tramper-Griff. So kann sich Ihre zweite Kind, die hinten steht, gut festhalten.<\/small><\/p>\n<p><strong>BITTE BEACHTEN:<\/strong><br \/>\n<strong>\u2022 Das Verdeck passt direkt auf The Jiffle wagon.<\/strong><br \/>\n<strong>\u2022 Der Tramper-Griff wird ben\u00f6tigt, um das Verdeck auf The Jiffle cart zu verwenden.<\/strong><br \/>\n<strong>\u2022 Dieses sch\u00f6ne Verdeck ist leider nur f\u00fcr The Jiffle wagon 2 und 2+ geeignet.<\/strong><\/p>\n","protected":false},"featured_media":5667,"template":"","meta":{"_acf_changed":false,"inline_featured_image":false,"_trash_the_other_posts":false,"editor_notices":[]},"product_brand":[],"product_cat":[15],"product_tag":[],"class_list":{"0":"post-3117","1":"product","2":"type-product","3":"status-publish","4":"has-post-thumbnail","6":"product_cat-keine-kategorie","8":"first","9":"instock","10":"taxable","11":"shipping-taxable","12":"purchasable","13":"product-type-simple"},"acf":[],"yoast_head":"<!-- This site is optimized with the Yoast SEO plugin v27.4 - https:\/\/yoast.com\/product\/yoast-seo-wordpress\/ -->\n<title>Bollerwagenverdeck - TheJiffle<\/title>\n<meta name=\"robots\" content=\"index, follow, max-snippet:-1, max-image-preview:large, max-video-preview:-1\" \/>\n<link rel=\"canonical\" href=\"https:\/\/thejiffle.com\/de\/product\/bollerwagenverdeck\/\" \/>\n<meta property=\"og:locale\" content=\"de_DE\" \/>\n<meta property=\"og:type\" content=\"article\" \/>\n<meta property=\"og:title\" content=\"Bollerwagenverdeck - TheJiffle\" \/>\n<meta property=\"og:description\" content=\"Dieses sch\u00f6ne Verdeck ist wetterfest und macht unseren Jiffle cart komplett. Bei Regen oder Wind lassen sich alle Seiten schlie\u00dfen, sodass Ihr Kleines sch\u00f6n trocken und windgesch\u00fctzt bleibt. Bei w\u00e4rmeren Temperaturen genie\u00dft es den Schatten. Die Seiten und die Vorderseite sind mit einem feinen, luftdurchl\u00e4ssigen Netzgewebe ausgestattet. Ihr Kleines kann bequem in seinen luxuri\u00f6sen Bollerwagen ein- und aussteigen. Oben befindet sich ein Rei\u00dfverschluss mit Zugang zum Tramper-Griff. So kann sich Ihre zweite Kind, die hinten steht, gut festhalten.  BITTE BEACHTEN: \u2022 Das Verdeck passt direkt auf The Jiffle wagon. \u2022 Der Tramper-Griff wird ben\u00f6tigt, um das Verdeck auf The Jiffle cart zu verwenden. \u2022 Dieses sch\u00f6ne Verdeck ist leider nur f\u00fcr The Jiffle wagon 2 und 2+ geeignet.\" \/>\n<meta property=\"og:url\" content=\"https:\/\/thejiffle.com\/de\/product\/bollerwagenverdeck\/\" \/>\n<meta property=\"og:site_name\" content=\"TheJiffle\" \/>\n<meta property=\"article:modified_time\" content=\"2025-07-02T08:45:09+00:00\" \/>\n<meta name=\"twitter:card\" content=\"summary_large_image\" \/>\n<meta name=\"twitter:label1\" content=\"Gesch\u00e4tzte Lesezeit\" \/>\n\t<meta name=\"twitter:data1\" content=\"1\u00a0Minute\" \/>\n<script type=\"application\/ld+json\" class=\"yoast-schema-graph\">{\"@context\":\"https:\\\/\\\/schema.org\",\"@graph\":[{\"@type\":\"WebPage\",\"@id\":\"https:\\\/\\\/thejiffle.com\\\/de\\\/product\\\/bollerwagenverdeck\\\/\",\"url\":\"https:\\\/\\\/thejiffle.com\\\/de\\\/product\\\/bollerwagenverdeck\\\/\",\"name\":\"Bollerwagenverdeck - TheJiffle\",\"isPartOf\":{\"@id\":\"https:\\\/\\\/thejiffle.com\\\/de\\\/#website\"},\"primaryImageOfPage\":{\"@id\":\"https:\\\/\\\/thejiffle.com\\\/de\\\/product\\\/bollerwagenverdeck\\\/#primaryimage\"},\"image\":{\"@id\":\"https:\\\/\\\/thejiffle.com\\\/de\\\/product\\\/bollerwagenverdeck\\\/#primaryimage\"},\"thumbnailUrl\":\"https:\\\/\\\/thejiffle.com\\\/de\\\/wp-content\\\/uploads\\\/sites\\\/2\\\/2025\\\/04\\\/00-Cabin-1to1-stroller-scale-Use-side-by-side-on-stroller-page-in-your-store.png\",\"datePublished\":\"2025-07-02T08:43:24+00:00\",\"dateModified\":\"2025-07-02T08:45:09+00:00\",\"breadcrumb\":{\"@id\":\"https:\\\/\\\/thejiffle.com\\\/de\\\/product\\\/bollerwagenverdeck\\\/#breadcrumb\"},\"inLanguage\":\"de\",\"potentialAction\":[{\"@type\":\"ReadAction\",\"target\":[\"https:\\\/\\\/thejiffle.com\\\/de\\\/product\\\/bollerwagenverdeck\\\/\"]}]},{\"@type\":\"ImageObject\",\"inLanguage\":\"de\",\"@id\":\"https:\\\/\\\/thejiffle.com\\\/de\\\/product\\\/bollerwagenverdeck\\\/#primaryimage\",\"url\":\"https:\\\/\\\/thejiffle.com\\\/de\\\/wp-content\\\/uploads\\\/sites\\\/2\\\/2025\\\/04\\\/00-Cabin-1to1-stroller-scale-Use-side-by-side-on-stroller-page-in-your-store.png\",\"contentUrl\":\"https:\\\/\\\/thejiffle.com\\\/de\\\/wp-content\\\/uploads\\\/sites\\\/2\\\/2025\\\/04\\\/00-Cabin-1to1-stroller-scale-Use-side-by-side-on-stroller-page-in-your-store.png\"},{\"@type\":\"BreadcrumbList\",\"@id\":\"https:\\\/\\\/thejiffle.com\\\/de\\\/product\\\/bollerwagenverdeck\\\/#breadcrumb\",\"itemListElement\":[{\"@type\":\"ListItem\",\"position\":1,\"name\":\"Home\",\"item\":\"https:\\\/\\\/thejiffle.com\\\/de\\\/\"},{\"@type\":\"ListItem\",\"position\":2,\"name\":\"Online shop\",\"item\":\"https:\\\/\\\/thejiffle.com\\\/de\\\/online-shop\\\/\"},{\"@type\":\"ListItem\",\"position\":3,\"name\":\"Bollerwagenverdeck\"}]},{\"@type\":\"WebSite\",\"@id\":\"https:\\\/\\\/thejiffle.com\\\/de\\\/#website\",\"url\":\"https:\\\/\\\/thejiffle.com\\\/de\\\/\",\"name\":\"TheJiffle\",\"description\":\"\",\"publisher\":{\"@id\":\"https:\\\/\\\/thejiffle.com\\\/de\\\/#organization\"},\"potentialAction\":[{\"@type\":\"SearchAction\",\"target\":{\"@type\":\"EntryPoint\",\"urlTemplate\":\"https:\\\/\\\/thejiffle.com\\\/de\\\/?s={search_term_string}\"},\"query-input\":{\"@type\":\"PropertyValueSpecification\",\"valueRequired\":true,\"valueName\":\"search_term_string\"}}],\"inLanguage\":\"de\"},{\"@type\":\"Organization\",\"@id\":\"https:\\\/\\\/thejiffle.com\\\/de\\\/#organization\",\"name\":\"TheJiffle\",\"url\":\"https:\\\/\\\/thejiffle.com\\\/de\\\/\",\"logo\":{\"@type\":\"ImageObject\",\"inLanguage\":\"de\",\"@id\":\"https:\\\/\\\/thejiffle.com\\\/de\\\/#\\\/schema\\\/logo\\\/image\\\/\",\"url\":\"https:\\\/\\\/thejiffle.com\\\/de\\\/wp-content\\\/uploads\\\/sites\\\/2\\\/2022\\\/03\\\/logo.svg\",\"contentUrl\":\"https:\\\/\\\/thejiffle.com\\\/de\\\/wp-content\\\/uploads\\\/sites\\\/2\\\/2022\\\/03\\\/logo.svg\",\"width\":56,\"height\":44,\"caption\":\"TheJiffle\"},\"image\":{\"@id\":\"https:\\\/\\\/thejiffle.com\\\/de\\\/#\\\/schema\\\/logo\\\/image\\\/\"},\"sameAs\":[\"https:\\\/\\\/www.instagram.com\\\/thejiffle\\\/\",\"https:\\\/\\\/www.linkedin.com\\\/company\\\/thejiffle\\\/\",\"https:\\\/\\\/www.youtube.com\\\/channel\\\/UCM90sKDfmFMNd4h0Wxrwyeg\"]}]}<\/script>\n<!-- \/ Yoast SEO plugin. -->","yoast_head_json":{"title":"Bollerwagenverdeck - TheJiffle","robots":{"index":"index","follow":"follow","max-snippet":"max-snippet:-1","max-image-preview":"max-image-preview:large","max-video-preview":"max-video-preview:-1"},"canonical":"https:\/\/thejiffle.com\/de\/product\/bollerwagenverdeck\/","og_locale":"de_DE","og_type":"article","og_title":"Bollerwagenverdeck - TheJiffle","og_description":"Dieses sch\u00f6ne Verdeck ist wetterfest und macht unseren Jiffle cart komplett. Bei Regen oder Wind lassen sich alle Seiten schlie\u00dfen, sodass Ihr Kleines sch\u00f6n trocken und windgesch\u00fctzt bleibt. Bei w\u00e4rmeren Temperaturen genie\u00dft es den Schatten. Die Seiten und die Vorderseite sind mit einem feinen, luftdurchl\u00e4ssigen Netzgewebe ausgestattet. Ihr Kleines kann bequem in seinen luxuri\u00f6sen Bollerwagen ein- und aussteigen. Oben befindet sich ein Rei\u00dfverschluss mit Zugang zum Tramper-Griff. So kann sich Ihre zweite Kind, die hinten steht, gut festhalten.  BITTE BEACHTEN: \u2022 Das Verdeck passt direkt auf The Jiffle wagon. \u2022 Der Tramper-Griff wird ben\u00f6tigt, um das Verdeck auf The Jiffle cart zu verwenden. \u2022 Dieses sch\u00f6ne Verdeck ist leider nur f\u00fcr The Jiffle wagon 2 und 2+ geeignet.","og_url":"https:\/\/thejiffle.com\/de\/product\/bollerwagenverdeck\/","og_site_name":"TheJiffle","article_modified_time":"2025-07-02T08:45:09+00:00","twitter_card":"summary_large_image","twitter_misc":{"Gesch\u00e4tzte Lesezeit":"1\u00a0Minute"},"schema":{"@context":"https:\/\/schema.org","@graph":[{"@type":"WebPage","@id":"https:\/\/thejiffle.com\/de\/product\/bollerwagenverdeck\/","url":"https:\/\/thejiffle.com\/de\/product\/bollerwagenverdeck\/","name":"Bollerwagenverdeck - TheJiffle","isPartOf":{"@id":"https:\/\/thejiffle.com\/de\/#website"},"primaryImageOfPage":{"@id":"https:\/\/thejiffle.com\/de\/product\/bollerwagenverdeck\/#primaryimage"},"image":{"@id":"https:\/\/thejiffle.com\/de\/product\/bollerwagenverdeck\/#primaryimage"},"thumbnailUrl":"https:\/\/thejiffle.com\/de\/wp-content\/uploads\/sites\/2\/2025\/04\/00-Cabin-1to1-stroller-scale-Use-side-by-side-on-stroller-page-in-your-store.png","datePublished":"2025-07-02T08:43:24+00:00","dateModified":"2025-07-02T08:45:09+00:00","breadcrumb":{"@id":"https:\/\/thejiffle.com\/de\/product\/bollerwagenverdeck\/#breadcrumb"},"inLanguage":"de","potentialAction":[{"@type":"ReadAction","target":["https:\/\/thejiffle.com\/de\/product\/bollerwagenverdeck\/"]}]},{"@type":"ImageObject","inLanguage":"de","@id":"https:\/\/thejiffle.com\/de\/product\/bollerwagenverdeck\/#primaryimage","url":"https:\/\/thejiffle.com\/de\/wp-content\/uploads\/sites\/2\/2025\/04\/00-Cabin-1to1-stroller-scale-Use-side-by-side-on-stroller-page-in-your-store.png","contentUrl":"https:\/\/thejiffle.com\/de\/wp-content\/uploads\/sites\/2\/2025\/04\/00-Cabin-1to1-stroller-scale-Use-side-by-side-on-stroller-page-in-your-store.png"},{"@type":"BreadcrumbList","@id":"https:\/\/thejiffle.com\/de\/product\/bollerwagenverdeck\/#breadcrumb","itemListElement":[{"@type":"ListItem","position":1,"name":"Home","item":"https:\/\/thejiffle.com\/de\/"},{"@type":"ListItem","position":2,"name":"Online shop","item":"https:\/\/thejiffle.com\/de\/online-shop\/"},{"@type":"ListItem","position":3,"name":"Bollerwagenverdeck"}]},{"@type":"WebSite","@id":"https:\/\/thejiffle.com\/de\/#website","url":"https:\/\/thejiffle.com\/de\/","name":"TheJiffle","description":"","publisher":{"@id":"https:\/\/thejiffle.com\/de\/#organization"},"potentialAction":[{"@type":"SearchAction","target":{"@type":"EntryPoint","urlTemplate":"https:\/\/thejiffle.com\/de\/?s={search_term_string}"},"query-input":{"@type":"PropertyValueSpecification","valueRequired":true,"valueName":"search_term_string"}}],"inLanguage":"de"},{"@type":"Organization","@id":"https:\/\/thejiffle.com\/de\/#organization","name":"TheJiffle","url":"https:\/\/thejiffle.com\/de\/","logo":{"@type":"ImageObject","inLanguage":"de","@id":"https:\/\/thejiffle.com\/de\/#\/schema\/logo\/image\/","url":"https:\/\/thejiffle.com\/de\/wp-content\/uploads\/sites\/2\/2022\/03\/logo.svg","contentUrl":"https:\/\/thejiffle.com\/de\/wp-content\/uploads\/sites\/2\/2022\/03\/logo.svg","width":56,"height":44,"caption":"TheJiffle"},"image":{"@id":"https:\/\/thejiffle.com\/de\/#\/schema\/logo\/image\/"},"sameAs":["https:\/\/www.instagram.com\/thejiffle\/","https:\/\/www.linkedin.com\/company\/thejiffle\/","https:\/\/www.youtube.com\/channel\/UCM90sKDfmFMNd4h0Wxrwyeg"]}]}},"_links":{"self":[{"href":"https:\/\/thejiffle.com\/de\/wp-json\/wp\/v2\/product\/3117","targetHints":{"allow":["GET"]}}],"collection":[{"href":"https:\/\/thejiffle.com\/de\/wp-json\/wp\/v2\/product"}],"about":[{"href":"https:\/\/thejiffle.com\/de\/wp-json\/wp\/v2\/types\/product"}],"wp:featuredmedia":[{"embeddable":true,"href":"https:\/\/thejiffle.com\/de\/wp-json\/"}],"wp:attachment":[{"href":"https:\/\/thejiffle.com\/de\/wp-json\/wp\/v2\/media?parent=3117"}],"wp:term":[{"taxonomy":"product_brand","embeddable":true,"href":"https:\/\/thejiffle.com\/de\/wp-json\/wp\/v2\/product_brand?post=3117"},{"taxonomy":"product_cat","embeddable":true,"href":"https:\/\/thejiffle.com\/de\/wp-json\/wp\/v2\/product_cat?post=3117"},{"taxonomy":"product_tag","embeddable":true,"href":"https:\/\/thejiffle.com\/de\/wp-json\/wp\/v2\/product_tag?post=3117"}],"curies":[{"name":"wp","href":"https:\/\/api.w.org\/{rel}","templated":true}]}}